{"id":323,"date":"2023-10-08T04:43:38","date_gmt":"2023-10-08T04:43:38","guid":{"rendered":"http:\/\/demo.dangkywebsite.com\/xkld\/?page_id=323"},"modified":"2024-11-18T14:27:03","modified_gmt":"2024-11-18T14:27:03","slug":"lien-he","status":"publish","type":"page","link":"https:\/\/demo.dangkywebsite.com\/xkld\/lien-he\/","title":{"rendered":"Li\u00ean h\u1ec7"},"content":{"rendered":"\t<section class=\"section\" id=\"section_928566526\">\n\t\t<div class=\"bg section-bg fill bg-fill  bg-loaded\" >\n\n\t\t\t\n\t\t\t\n\t\t\t\n\n\t\t<\/div>\n\n\t\t\n\n\t\t<div class=\"section-content relative\">\n\t\t\t\n\n<div class=\"row\"  id=\"row-1021630739\">\n\n\n\t<div id=\"col-43229233\" class=\"col small-12 large-12\"  >\n\t\t\t\t<div class=\"col-inner\"  >\n\t\t\t\n\t\t\t\n\n\t<div id=\"text-3607851261\" class=\"text\">\n\t\t\n\n<p><nav aria-label=\"breadcrumbs\" class=\"rank-math-breadcrumb\"><p><span class=\"last\">Trang ch\u1ee7<\/span><\/p><\/nav><\/p>\n\t\t\n<style>\n#text-3607851261 {\n  color: rgb(119, 126, 144);\n}\n#text-3607851261 > * {\n  color: rgb(119, 126, 144);\n}\n<\/style>\n\t<\/div>\n\t\n\n\t\t<\/div>\n\t\t\t\t\n<style>\n#col-43229233 > .col-inner {\n  margin: 15px 0px -5px 0px;\n}\n<\/style>\n\t<\/div>\n\n\t\n\n<\/div>\n\n\t\t<\/div>\n\n\t\t\n<style>\n#section_928566526 {\n  padding-top: 0px;\n  padding-bottom: 0px;\n  background-color: rgba(243, 243, 243, 0.5);\n}\n<\/style>\n\t<\/section>\n\t\n\t<section class=\"section\" id=\"section_176194497\">\n\t\t<div class=\"bg section-bg fill bg-fill  \" >\n\n\t\t\t\n\t\t\t\n\t\t\t\n\n\t\t<\/div>\n\n\t\t\n\n\t\t<div class=\"section-content relative\">\n\t\t\t\n<div class=\"row align-center\"  id=\"row-749644182\">\n\n\t<div id=\"col-54296863\" class=\"col medium-3 small-9 large-3\"  >\n\t\t\t\t<div class=\"col-inner\"  >\n\t\t\t\n\t\t\t\n\t<div id=\"text-1422473386\" class=\"text\">\n\t\t\n<div id=\"ez-toc-container\" class=\"ez-toc-v2_0_76 counter-hierarchy ez-toc-counter ez-toc-grey ez-toc-container-direction\">\n<div class=\"ez-toc-title-container\">\n<p class=\"ez-toc-title\" style=\"cursor:inherit\">Table of Contents<\/p>\n<span class=\"ez-toc-title-toggle\"><a href=\"#\" class=\"ez-toc-pull-right ez-toc-btn ez-toc-btn-xs ez-toc-btn-default ez-toc-toggle\" aria-label=\"Toggle Table of Content\"><span class=\"ez-toc-js-icon-con\"><span class=\"\"><span class=\"eztoc-hide\" style=\"display:none;\">Toggle<\/span><span class=\"ez-toc-icon-toggle-span\"><svg style=\"fill: #999;color:#999\" xmlns=\"http:\/\/www.w3.org\/2000\/svg\" class=\"list-377408\" width=\"20px\" height=\"20px\" viewBox=\"0 0 24 24\" fill=\"none\"><path d=\"M6 6H4v2h2V6zm14 0H8v2h12V6zM4 11h2v2H4v-2zm16 0H8v2h12v-2zM4 16h2v2H4v-2zm16 0H8v2h12v-2z\" fill=\"currentColor\"><\/path><\/svg><svg style=\"fill: #999;color:#999\" class=\"arrow-unsorted-368013\" xmlns=\"http:\/\/www.w3.org\/2000\/svg\" width=\"10px\" height=\"10px\" viewBox=\"0 0 24 24\" version=\"1.2\" baseProfile=\"tiny\"><path d=\"M18.2 9.3l-6.2-6.3-6.2 6.3c-.2.2-.3.4-.3.7s.1.5.3.7c.2.2.4.3.7.3h11c.3 0 .5-.1.7-.3.2-.2.3-.5.3-.7s-.1-.5-.3-.7zM5.8 14.7l6.2 6.3 6.2-6.3c.2-.2.3-.5.3-.7s-.1-.5-.3-.7c-.2-.2-.4-.3-.7-.3h-11c-.3 0-.5.1-.7.3-.2.2-.3.5-.3.7s.1.5.3.7z\"\/><\/svg><\/span><\/span><\/span><\/a><\/span><\/div>\n<nav><ul class='ez-toc-list ez-toc-list-level-1 ' ><li class='ez-toc-page-1 ez-toc-heading-level-2'><a class=\"ez-toc-link ez-toc-heading-1\" href=\"https:\/\/demo.dangkywebsite.com\/xkld\/lien-he\/#Lien_he\" >Li\u00ean h\u1ec7<\/a><\/li><li class='ez-toc-page-1 ez-toc-heading-level-2'><a class=\"ez-toc-link ez-toc-heading-2\" href=\"https:\/\/demo.dangkywebsite.com\/xkld\/lien-he\/#Thong_tin_lien_he\" >Th\u00f4ng tin li\u00ean h\u1ec7<\/a><ul class='ez-toc-list-level-4' ><li class='ez-toc-heading-level-4'><ul class='ez-toc-list-level-4' ><li class='ez-toc-heading-level-4'><a class=\"ez-toc-link ez-toc-heading-3\" href=\"https:\/\/demo.dangkywebsite.com\/xkld\/lien-he\/#Tru_so_chinh\" >Tr\u1ee5 s\u1edf ch\u00ednh<\/a><\/li><li class='ez-toc-page-1 ez-toc-heading-level-4'><a class=\"ez-toc-link ez-toc-heading-4\" href=\"https:\/\/demo.dangkywebsite.com\/xkld\/lien-he\/#Chi_nhanh_tai_HCM\" >Chi nh\u00e1nh t\u1ea1i HCM<\/a><\/li><li class='ez-toc-page-1 ez-toc-heading-level-4'><a class=\"ez-toc-link ez-toc-heading-5\" href=\"https:\/\/demo.dangkywebsite.com\/xkld\/lien-he\/#Chi_nhanh_tai_Paris\" >Chi nh\u00e1nh t\u1ea1i Paris<\/a><\/li><\/ul><\/li><\/ul><\/li><li class='ez-toc-page-1 ez-toc-heading-level-2'><a class=\"ez-toc-link ez-toc-heading-6\" href=\"https:\/\/demo.dangkywebsite.com\/xkld\/lien-he\/#Xem_tren_Google_Map\" >Xem tr\u00ean Google Map<\/a><\/li><li class='ez-toc-page-1 ez-toc-heading-level-2'><a class=\"ez-toc-link ez-toc-heading-7\" href=\"https:\/\/demo.dangkywebsite.com\/xkld\/lien-he\/#Dang_ky_tu_van\" >\u0110\u0103ng k\u00fd t\u01b0 v\u1ea5n<\/a><\/li><li class='ez-toc-page-1 ez-toc-heading-level-2'><a class=\"ez-toc-link ez-toc-heading-8\" href=\"https:\/\/demo.dangkywebsite.com\/xkld\/lien-he\/#Form_lien_he\" >Form li\u00ean h\u1ec7<\/a><\/li><\/ul><\/nav><\/div>\n<h2 class=\"cam-nang\"><span class=\"ez-toc-section\" id=\"Lien_he\"><\/span>Li\u00ean h\u1ec7<span class=\"ez-toc-section-end\"><\/span><\/h2>\n\t\t\n<style>\n#text-1422473386 {\n  text-align: center;\n}\n<\/style>\n\t<\/div>\n\t\n\t\t<\/div>\n\t\t\t\t\t<\/div>\n\n\t\n<\/div>\n\t\t<\/div>\n\n\t\t\n<style>\n#section_176194497 {\n  padding-top: 0px;\n  padding-bottom: 0px;\n  min-height: 300px;\n  background-color: rgb(242, 244, 249);\n}\n#section_176194497 .section-bg.bg-loaded {\n  background-image: url(https:\/\/demo.dangkywebsite.com\/xkld\/wp-content\/uploads\/2023\/10\/Mask-group-8.png);\n}\n@media (min-width:550px) {\n  #section_176194497 {\n    min-height: 450px;\n  }\n}\n<\/style>\n\t<\/section>\n\t\n\t<section class=\"section\" id=\"section_1439935946\">\n\t\t<div class=\"bg section-bg fill bg-fill  bg-loaded\" >\n\n\t\t\t\n\t\t\t\n\t\t\t\n\n\t\t<\/div>\n\n\t\t\n\n\t\t<div class=\"section-content relative\">\n\t\t\t\n<div class=\"row\"  id=\"row-806208269\">\n\n\t<div id=\"col-1245162984\" class=\"col small-12 large-12\"  >\n\t\t\t\t<div class=\"col-inner\"  >\n\t\t\t\n\t\t\t\n<h2><span class=\"ez-toc-section\" id=\"Thong_tin_lien_he\"><\/span>Th\u00f4ng tin li\u00ean h\u1ec7<span class=\"ez-toc-section-end\"><\/span><\/h2>\n\t\t<\/div>\n\t\t\t\t\t<\/div>\n\n\t\n<\/div>\n<div class=\"row row-small\"  id=\"row-1402771978\">\n\n\t<div id=\"col-144588618\" class=\"col medium-4 small-12 large-4\"  >\n\t\t\t\t<div class=\"col-inner\"  >\n\t\t\t\n\t\t\t\n\t<div class=\"box has-hover sc-lh  has-hover box-push box-text-bottom\" >\n\n\t\t<div class=\"box-image\" >\n\t\t\t\t\t\t<div class=\"\" >\n\t\t\t\t<img loading=\"lazy\" decoding=\"async\" width=\"370\" height=\"270\" src=\"https:\/\/demo.dangkywebsite.com\/xkld\/wp-content\/uploads\/2023\/10\/Rectangle-99-1.png\" class=\"attachment-original size-original\" alt=\"\" srcset=\"https:\/\/demo.dangkywebsite.com\/xkld\/wp-content\/uploads\/2023\/10\/Rectangle-99-1.png 370w, https:\/\/demo.dangkywebsite.com\/xkld\/wp-content\/uploads\/2023\/10\/Rectangle-99-1-300x219.png 300w\" sizes=\"auto, (max-width: 370px) 100vw, 370px\" \/>\t\t\t\t\t\t\t\t\t\t\t<\/div>\n\t\t\t\t\t<\/div>\n\n\t\t<div class=\"box-text text-left dark\" >\n\t\t\t<div class=\"box-text-inner\">\n\t\t\t\t\n<h4><span class=\"ez-toc-section\" id=\"Tru_so_chinh\"><\/span>Tr\u1ee5 s\u1edf ch\u00ednh<span class=\"ez-toc-section-end\"><\/span><\/h4>\n<ul>\n<li><i class=\"fa-solid fa-location-dot\"><\/i>\u0110\u1ecba ch\u1ec9:<br \/>S\u1ed1 7, ng\u00f5 71 ph\u1ed1 Ho\u00e0ng V\u0103n Th\u00e1i, Thanh Xu\u00e2n, H\u00e0 N\u1ed9i<\/li>\n<li><i class=\"fa-solid fa-phone\"><\/i>Hotline:<br \/>1900 2612 \u2013 0963 984 988<\/li>\n<li><i class=\"fas fa-envelope\" aria-hidden=\"true\"><\/i>Email:<br \/>contact@vfegroup.vn<\/li>\n<\/ul>\n\t\t\t<\/div>\n\t\t<\/div>\n\t<\/div>\n\t\n\t\t<\/div>\n\t\t\t\t\t<\/div>\n\n\t\n\n\t<div id=\"col-283898204\" class=\"col medium-4 small-12 large-4\"  >\n\t\t\t\t<div class=\"col-inner\"  >\n\t\t\t\n\t\t\t\n\t<div class=\"box has-hover sc-lh  has-hover box-push box-text-bottom\" >\n\n\t\t<div class=\"box-image\" >\n\t\t\t\t\t\t<div class=\"\" >\n\t\t\t\t<img loading=\"lazy\" decoding=\"async\" width=\"370\" height=\"270\" src=\"https:\/\/demo.dangkywebsite.com\/xkld\/wp-content\/uploads\/2023\/10\/Rectangle-99-1.png\" class=\"attachment-original size-original\" alt=\"\" srcset=\"https:\/\/demo.dangkywebsite.com\/xkld\/wp-content\/uploads\/2023\/10\/Rectangle-99-1.png 370w, https:\/\/demo.dangkywebsite.com\/xkld\/wp-content\/uploads\/2023\/10\/Rectangle-99-1-300x219.png 300w\" sizes=\"auto, (max-width: 370px) 100vw, 370px\" \/>\t\t\t\t\t\t\t\t\t\t\t<\/div>\n\t\t\t\t\t<\/div>\n\n\t\t<div class=\"box-text text-left dark\" >\n\t\t\t<div class=\"box-text-inner\">\n\t\t\t\t\n<h4><span class=\"ez-toc-section\" id=\"Chi_nhanh_tai_HCM\"><\/span>Chi nh\u00e1nh t\u1ea1i HCM<span class=\"ez-toc-section-end\"><\/span><\/h4>\n<ul>\n<li><i class=\"fa-solid fa-location-dot\"><\/i>\u0110\u1ecba ch\u1ec9:<br \/>38\/21 \u0111\u01b0\u1eddng Tr\u1ea7n Kh\u1eafc Ch\u00e2n, T\u00e2n \u0110\u1ecbnh, Qu\u1eadn 1, TP HCM<\/li>\n<li><i class=\"fa-solid fa-phone\"><\/i>Hotline:<br \/>1900 2612 \u2013 0963 984 988<\/li>\n<li><i class=\"fas fa-envelope\" aria-hidden=\"true\"><\/i>Email:<br \/>contact@vfegroup.vn<\/li>\n<\/ul>\n\t\t\t<\/div>\n\t\t<\/div>\n\t<\/div>\n\t\n\t\t<\/div>\n\t\t\t\t\t<\/div>\n\n\t\n\n\t<div id=\"col-268027415\" class=\"col medium-4 small-12 large-4\"  >\n\t\t\t\t<div class=\"col-inner\"  >\n\t\t\t\n\t\t\t\n\t<div class=\"box has-hover sc-lh  has-hover box-push box-text-bottom\" >\n\n\t\t<div class=\"box-image\" >\n\t\t\t\t\t\t<div class=\"\" >\n\t\t\t\t<img loading=\"lazy\" decoding=\"async\" width=\"370\" height=\"270\" src=\"https:\/\/demo.dangkywebsite.com\/xkld\/wp-content\/uploads\/2023\/10\/Rectangle-99-1.png\" class=\"attachment-original size-original\" alt=\"\" srcset=\"https:\/\/demo.dangkywebsite.com\/xkld\/wp-content\/uploads\/2023\/10\/Rectangle-99-1.png 370w, https:\/\/demo.dangkywebsite.com\/xkld\/wp-content\/uploads\/2023\/10\/Rectangle-99-1-300x219.png 300w\" sizes=\"auto, (max-width: 370px) 100vw, 370px\" \/>\t\t\t\t\t\t\t\t\t\t\t<\/div>\n\t\t\t\t\t<\/div>\n\n\t\t<div class=\"box-text text-left dark\" >\n\t\t\t<div class=\"box-text-inner\">\n\t\t\t\t\n<h4><span class=\"ez-toc-section\" id=\"Chi_nhanh_tai_Paris\"><\/span>Chi nh\u00e1nh t\u1ea1i Paris<span class=\"ez-toc-section-end\"><\/span><\/h4>\n<ul>\n<li>Coming soon<\/li>\n<\/ul>\n\t\t\t<\/div>\n\t\t<\/div>\n\t<\/div>\n\t\n\t\t<\/div>\n\t\t\t\t\t<\/div>\n\n\t\n<\/div>\n\t\t<\/div>\n\n\t\t\n<style>\n#section_1439935946 {\n  padding-top: 30px;\n  padding-bottom: 30px;\n}\n<\/style>\n\t<\/section>\n\t\n\t<section class=\"section\" id=\"section_169662935\">\n\t\t<div class=\"bg section-bg fill bg-fill  bg-loaded\" >\n\n\t\t\t\n\t\t\t\n\t\t\t\n\n\t\t<\/div>\n\n\t\t\n\n\t\t<div class=\"section-content relative\">\n\t\t\t\n<div class=\"row\"  id=\"row-1551892595\">\n\n\t<div id=\"col-1746738675\" class=\"col small-12 large-12\"  >\n\t\t\t\t<div class=\"col-inner\"  >\n\t\t\t\n\t\t\t\n<h2><span class=\"ez-toc-section\" id=\"Xem_tren_Google_Map\"><\/span>Xem tr\u00ean Google Map<span class=\"ez-toc-section-end\"><\/span><\/h2>\n<p><iframe src=\"https:\/\/www.google.com\/maps\/embed?pb=!1m18!1m12!1m3!1d3724.9192545731626!2d105.82485967484826!3d20.995873588908186!2m3!1f0!2f0!3f0!3m2!1i1024!2i768!4f13.1!3m3!1m2!1s0x3135ab04ff5e1c95%3A0x1891451060f7bd7d!2sVFE%20-%20Vietnam%20France%20Exchange!5e0!3m2!1svi!2s!4v1696755756770!5m2!1svi!2s\" width=\"100%\" height=\"400\" style=\"border:0;\" allowfullscreen=\"\" loading=\"lazy\" referrerpolicy=\"no-referrer-when-downgrade\"><\/iframe><\/p>\n\t\t<\/div>\n\t\t\t\t\t<\/div>\n\n\t\n<\/div>\n\n<div class=\"wpcf7 no-js\" id=\"wpcf7-f377-o1\" lang=\"en-US\" dir=\"ltr\" data-wpcf7-id=\"377\">\n<div class=\"screen-reader-response\"><p role=\"status\" aria-live=\"polite\" aria-atomic=\"true\"><\/p> <ul><\/ul><\/div>\n<form action=\"\/xkld\/wp-json\/wp\/v2\/pages\/323#wpcf7-f377-o1\" method=\"post\" class=\"wpcf7-form init\" aria-label=\"Contact form\" novalidate=\"novalidate\" data-status=\"init\">\n<fieldset class=\"hidden-fields-container\"><input type=\"hidden\" name=\"_wpcf7\" value=\"377\" \/><input type=\"hidden\" name=\"_wpcf7_version\" value=\"6.1.1\" \/><input type=\"hidden\" name=\"_wpcf7_locale\" value=\"en_US\" \/><input type=\"hidden\" name=\"_wpcf7_unit_tag\" value=\"wpcf7-f377-o1\" \/><input type=\"hidden\" name=\"_wpcf7_container_post\" value=\"0\" \/><input type=\"hidden\" name=\"_wpcf7_posted_data_hash\" value=\"\" \/>\n<\/fieldset>\n<h2><span class=\"ez-toc-section\" id=\"Dang_ky_tu_van\"><\/span>\u0110\u0103ng k\u00fd t\u01b0 v\u1ea5n\n<span class=\"ez-toc-section-end\"><\/span><\/h2>\n<p><strong style=\"color:#1e293b; font-size:17px; line-height: 50px;\">H\u1ecdc ti\u1ebfng Ph\u00e1p:<\/strong>\n<\/p>\n<p>C\u00e1c tr\u01b0\u1eddng \u0111\u01b0\u1ee3c \u0111\u00e1nh d\u1ea5u <span style=\"color:#fe0000\">*<\/span> l\u00e0 b\u1eaft bu\u1ed9c\n<\/p>\n<div class=\"form-contact-twocol\">\n\t<div id=\"info-left\">\n\t\t<p><strong>B\u1ea1n mu\u1ed1n nh\u1eadn t\u01b0 v\u1ea5n v\u1ec1 kh\u00f3a h\u1ecdc n\u00e0o?<\/strong>\n\t\t<\/p>\n\t\t<p><span class=\"wpcf7-form-control-wrap\" data-name=\"khoa-hoc\"><select class=\"wpcf7-form-control wpcf7-select\" aria-invalid=\"false\" name=\"khoa-hoc\"><option value=\"Kh\u00f3a h\u1ecdc A0 - A2\">Kh\u00f3a h\u1ecdc A0 - A2<\/option><option value=\"Kh\u00f3a h\u1ecdc B1\">Kh\u00f3a h\u1ecdc B1<\/option><option value=\"Kh\u00f3a h\u1ecdc B2\">Kh\u00f3a h\u1ecdc B2<\/option><\/select><\/span>\n\t\t<\/p>\n\t\t<p><strong>H\u1ecd v\u00e0 t\u00ean <span style=\"color:#fe0000\">*<\/span><\/strong>\n\t\t<\/p>\n\t\t<p><span class=\"wpcf7-form-control-wrap\" data-name=\"your-name\"><input size=\"40\" maxlength=\"400\" class=\"wpcf7-form-control wpcf7-text wpcf7-validates-as-required\" aria-required=\"true\" aria-invalid=\"false\" placeholder=\"Nh\u1eadp h\u1ecd v\u00e0 t\u00ean\" value=\"\" type=\"text\" name=\"your-name\" \/><\/span>\n\t\t<\/p>\n\t\t<p><strong>S\u1ed1 \u0111i\u1ec7n tho\u1ea1i <span style=\"color:#fe0000\">*<\/span><\/strong>\n\t\t<\/p>\n\t\t<p><span class=\"wpcf7-form-control-wrap\" data-name=\"your-phone\"><input size=\"40\" maxlength=\"400\" class=\"wpcf7-form-control wpcf7-tel wpcf7-validates-as-required wpcf7-text wpcf7-validates-as-tel\" aria-required=\"true\" aria-invalid=\"false\" placeholder=\"Nh\u1eadp s\u1ed1 \u0111i\u1ec7n tho\u1ea1i\" value=\"\" type=\"tel\" name=\"your-phone\" \/><\/span>\n\t\t<\/p>\n\t\t<p><strong>Email <span style=\"color:#fe0000\">*<\/span><\/strong>\n\t\t<\/p>\n\t\t<p><span class=\"wpcf7-form-control-wrap\" data-name=\"your-email\"><input size=\"40\" maxlength=\"400\" class=\"wpcf7-form-control wpcf7-email wpcf7-validates-as-required wpcf7-text wpcf7-validates-as-email\" aria-required=\"true\" aria-invalid=\"false\" placeholder=\"Nh\u1eadp Email\" value=\"\" type=\"email\" name=\"your-email\" \/><\/span>\n\t\t<\/p>\n\t\t<p><strong>T\u1ec9nh\/Th\u00e0nh ph\u1ed1 hi\u1ec7n t\u1ea1i<\/strong>\n\t\t<\/p>\n\t\t<p><span class=\"wpcf7-form-control-wrap\" data-name=\"province\"><input size=\"40\" maxlength=\"400\" class=\"wpcf7-form-control wpcf7-text\" aria-invalid=\"false\" placeholder=\"Nh\u1eadp T\u1ec9nh\/Th\u00e0nh ph\u1ed1\" value=\"\" type=\"text\" name=\"province\" \/><\/span>\n\t\t<\/p>\n\t<\/div>\n\t<div id=\"info-right\">\n\t\t<p><strong>M\u1ee5c \u0111\u00edch h\u1ecdc ti\u1ebfng Ph\u00e1p c\u1ee7a b\u1ea1n l\u00e0 g\u00ec?<\/strong>\n\t\t<\/p>\n\t\t<p><span class=\"wpcf7-form-control-wrap\" data-name=\"khoa-hoc\"><select class=\"wpcf7-form-control wpcf7-select\" aria-invalid=\"false\" name=\"khoa-hoc\"><option value=\"Du h\u1ecdc\">Du h\u1ecdc<\/option><option value=\"Giao ti\u1ebfp\">Giao ti\u1ebfp<\/option><option value=\"Kh\u00e1c\">Kh\u00e1c<\/option><\/select><\/span>\n\t\t<\/p>\n\t\t<p><strong>Ng\u00e0y sinh<\/strong>\n\t\t<\/p>\n\t\t<p><span class=\"wpcf7-form-control-wrap\" data-name=\"ngay-sinh\"><input class=\"wpcf7-form-control wpcf7-date wpcf7-validates-as-date\" aria-invalid=\"false\" value=\"\" type=\"date\" name=\"ngay-sinh\" \/><\/span>\n\t\t<\/p>\n\t\t<p><strong>C\u00e2u h\u1ecfi ho\u1eb7c Y\u00eau c\u1ea7u c\u1ee5 th\u1ec3 (n\u1ebfu c\u00f3)<\/strong>\n\t\t<\/p>\n\t\t<p><span class=\"wpcf7-form-control-wrap\" data-name=\"cau-hoi\"><textarea cols=\"40\" rows=\"10\" maxlength=\"2000\" class=\"wpcf7-form-control wpcf7-textarea\" aria-invalid=\"false\" placeholder=\"Nh\u1eadp c\u00e2u h\u1ecfi\" name=\"cau-hoi\"><\/textarea><\/span>\n\t\t<\/p>\n\t<\/div>\n<\/div>\n<center>\n\t<p><input class=\"wpcf7-form-control wpcf7-submit has-spinner button\" type=\"submit\" value=\"G\u1eedi th\u00f4ng tin\" \/>\n\t<\/p>\n<\/center><div class=\"wpcf7-response-output\" aria-hidden=\"true\"><\/div>\n<\/form>\n<\/div>\n\n\t\t<\/div>\n\n\t\t\n<style>\n#section_169662935 {\n  padding-top: 30px;\n  padding-bottom: 30px;\n}\n<\/style>\n\t<\/section>\n\t\n\t<section class=\"section dark\" id=\"section_1736241263\">\n\t\t<div class=\"bg section-bg fill bg-fill  bg-loaded\" >\n\n\t\t\t\n\t\t\t\n\t\t\t\n\n\t\t<\/div>\n\n\t\t\n\n\t\t<div class=\"section-content relative\">\n\t\t\t\n<div class=\"row row-collapse row-full-width\"  id=\"row-296280200\">\n\n\t<div id=\"col-915748372\" class=\"col hide-for-small medium-4 small-12 large-4\"  >\n\t\t\t\t<div class=\"col-inner\"  >\n\t\t\t\n\t\t\t\n\t<div class=\"img has-hover x md-x lg-x y md-y lg-y\" id=\"image_177689221\">\n\t\t\t\t\t\t\t\t<div class=\"img-inner dark\" >\n\t\t\t<img loading=\"lazy\" decoding=\"async\" width=\"435\" height=\"407\" src=\"https:\/\/demo.dangkywebsite.com\/xkld\/wp-content\/uploads\/2023\/10\/Group-47626-1.png\" class=\"attachment-large size-large\" alt=\"\" srcset=\"https:\/\/demo.dangkywebsite.com\/xkld\/wp-content\/uploads\/2023\/10\/Group-47626-1.png 435w, https:\/\/demo.dangkywebsite.com\/xkld\/wp-content\/uploads\/2023\/10\/Group-47626-1-300x281.png 300w\" sizes=\"auto, (max-width: 435px) 100vw, 435px\" \/>\t\t\t\t\t\t\n\t\t\t\t\t<\/div>\n\t\t\t\t\t\t\t\t\n<style>\n#image_177689221 {\n  width: 100%;\n}\n<\/style>\n\t<\/div>\n\t\n\t\t<\/div>\n\t\t\t\t\t<\/div>\n\n\t\n\n\t<div id=\"col-955995879\" class=\"col hide-for-medium medium-1 small-12 large-1\"  >\n\t\t\t\t<div class=\"col-inner\"  >\n\t\t\t\n\t\t\t\n\t\t<\/div>\n\t\t\t\t\t<\/div>\n\n\t\n\n\t<div id=\"col-1879000414\" class=\"col medium-6 small-12 large-6\"  >\n\t\t\t\t<div class=\"col-inner\"  >\n\t\t\t\n\t\t\t\n\t<div id=\"text-1944634187\" class=\"text\">\n\t\t\n<h2><span class=\"ez-toc-section\" id=\"Form_lien_he\"><\/span>Form li\u00ean h\u1ec7<span class=\"ez-toc-section-end\"><\/span><\/h2>\n\t\t\n<style>\n#text-1944634187 {\n  font-size: 1.5rem;\n  text-align: center;\n}\n<\/style>\n\t<\/div>\n\t\n\t<div id=\"text-3693720072\" class=\"text\">\n\t\t\n<p>G\u1eedi ph\u1ea3n h\u1ed3i cho ch\u00fang t\u00f4i b\u1eb1ng c\u00e1ch \u0111i\u1ec1n v\u00e0o m\u1eabu d\u01b0\u1edbi \u0111\u00e2y. Ch\u00fang t\u00f4i s\u1ebd ti\u1ebfp nh\u1eadn v\u00e0 tr\u1ea3 l\u1eddi b\u1ea1n trong th\u1eddi gian s\u1edbm nh\u1ea5t.<\/p>\n\t\t\n<style>\n#text-3693720072 {\n  text-align: center;\n}\n<\/style>\n\t<\/div>\n\t\n\t<div id=\"gap-977198218\" class=\"gap-element clearfix\" style=\"display:block; height:auto;\">\n\t\t\n<style>\n#gap-977198218 {\n  padding-top: 10px;\n}\n@media (min-width:550px) {\n  #gap-977198218 {\n    padding-top: 30px;\n  }\n}\n<\/style>\n\t<\/div>\n\t\n\n<div class=\"wpcf7 no-js\" id=\"wpcf7-f8-o2\" lang=\"en-US\" dir=\"ltr\" data-wpcf7-id=\"8\">\n<div class=\"screen-reader-response\"><p role=\"status\" aria-live=\"polite\" aria-atomic=\"true\"><\/p> <ul><\/ul><\/div>\n<form action=\"\/xkld\/wp-json\/wp\/v2\/pages\/323#wpcf7-f8-o2\" method=\"post\" class=\"wpcf7-form init\" aria-label=\"Contact form\" novalidate=\"novalidate\" data-status=\"init\">\n<fieldset class=\"hidden-fields-container\"><input type=\"hidden\" name=\"_wpcf7\" value=\"8\" \/><input type=\"hidden\" name=\"_wpcf7_version\" value=\"6.1.1\" \/><input type=\"hidden\" name=\"_wpcf7_locale\" value=\"en_US\" \/><input type=\"hidden\" name=\"_wpcf7_unit_tag\" value=\"wpcf7-f8-o2\" \/><input type=\"hidden\" name=\"_wpcf7_container_post\" value=\"0\" \/><input type=\"hidden\" name=\"_wpcf7_posted_data_hash\" value=\"\" \/>\n<\/fieldset>\n<div class=\"form-contact-twocol form-lh\">\n\t<div id=\"info-left\">\n\t\t<p><span class=\"wpcf7-form-control-wrap\" data-name=\"your-name\"><input size=\"40\" maxlength=\"400\" class=\"wpcf7-form-control wpcf7-text wpcf7-validates-as-required\" aria-required=\"true\" aria-invalid=\"false\" placeholder=\"H\u1ecd t\u00ean *\" value=\"\" type=\"text\" name=\"your-name\" \/><\/span>\n\t\t<\/p>\n\t<\/div>\n\t<div id=\"info-right\">\n\t\t<p><span class=\"wpcf7-form-control-wrap\" data-name=\"your-number\"><input size=\"40\" maxlength=\"400\" class=\"wpcf7-form-control wpcf7-tel wpcf7-validates-as-required wpcf7-text wpcf7-validates-as-tel\" aria-required=\"true\" aria-invalid=\"false\" placeholder=\"Di \u0111\u1ed9ng *\" value=\"\" type=\"tel\" name=\"your-number\" \/><\/span>\n\t\t<\/p>\n\t<\/div>\n<\/div>\n<p><span class=\"wpcf7-form-control-wrap\" data-name=\"your-email\"><input size=\"40\" maxlength=\"400\" class=\"wpcf7-form-control wpcf7-email wpcf7-text wpcf7-validates-as-email\" aria-invalid=\"false\" placeholder=\"Email\" value=\"\" type=\"email\" name=\"your-email\" \/><\/span>\n<\/p>\n<p><span class=\"wpcf7-form-control-wrap\" data-name=\"your-message\"><textarea cols=\"40\" rows=\"10\" maxlength=\"2000\" class=\"wpcf7-form-control wpcf7-textarea\" aria-invalid=\"false\" placeholder=\"N\u1ed9i dung y\u00eau c\u1ea7u...\" name=\"your-message\"><\/textarea><\/span>\n<\/p>\n<center>\n\t<p><input class=\"wpcf7-form-control wpcf7-submit has-spinner button\" type=\"submit\" value=\"G\u1eedi th\u00f4ng tin\" \/>\n\t<\/p>\n<\/center><div class=\"wpcf7-response-output\" aria-hidden=\"true\"><\/div>\n<\/form>\n<\/div>\n\n\t\t<\/div>\n\t\t\t\t\n<style>\n#col-1879000414 > .col-inner {\n  padding: 0px 40px 0px 40px;\n}\n<\/style>\n\t<\/div>\n\n\t\n\n\t<div id=\"col-1599880185\" class=\"col hide-for-medium medium-1 small-12 large-1\"  >\n\t\t\t\t<div class=\"col-inner\"  >\n\t\t\t\n\t\t\t\n\t\t<\/div>\n\t\t\t\t\t<\/div>\n\n\t\n<\/div>\n\t\t<\/div>\n\n\t\t\n<style>\n#section_1736241263 {\n  padding-top: 30px;\n  padding-bottom: 30px;\n  background-color: #192b52;\n}\n@media (min-width:550px) {\n  #section_1736241263 {\n    padding-top: 70px;\n    padding-bottom: 70px;\n  }\n}\n<\/style>\n\t<\/section>\n\t\n","protected":false},"excerpt":{"rendered":"","protected":false},"author":1,"featured_media":0,"parent":0,"menu_order":0,"comment_status":"closed","ping_status":"closed","template":"page-blank.php","meta":{"footnotes":""},"class_list":["post-323","page","type-page","status-publish","hentry"],"_links":{"self":[{"href":"https:\/\/demo.dangkywebsite.com\/xkld\/wp-json\/wp\/v2\/pages\/323","targetHints":{"allow":["GET"]}}],"collection":[{"href":"https:\/\/demo.dangkywebsite.com\/xkld\/wp-json\/wp\/v2\/pages"}],"about":[{"href":"https:\/\/demo.dangkywebsite.com\/xkld\/wp-json\/wp\/v2\/types\/page"}],"author":[{"embeddable":true,"href":"https:\/\/demo.dangkywebsite.com\/xkld\/wp-json\/wp\/v2\/users\/1"}],"replies":[{"embeddable":true,"href":"https:\/\/demo.dangkywebsite.com\/xkld\/wp-json\/wp\/v2\/comments?post=323"}],"version-history":[{"count":17,"href":"https:\/\/demo.dangkywebsite.com\/xkld\/wp-json\/wp\/v2\/pages\/323\/revisions"}],"predecessor-version":[{"id":1768,"href":"https:\/\/demo.dangkywebsite.com\/xkld\/wp-json\/wp\/v2\/pages\/323\/revisions\/1768"}],"wp:attachment":[{"href":"https:\/\/demo.dangkywebsite.com\/xkld\/wp-json\/wp\/v2\/media?parent=323"}],"curies":[{"name":"wp","href":"https:\/\/api.w.org\/{rel}","templated":true}]}}